{"id":1906,"date":"2022-05-04T04:33:11","date_gmt":"2022-05-04T07:33:11","guid":{"rendered":"https:\/\/mimus.com.br\/portfolio\/"},"modified":"2022-05-04T04:33:11","modified_gmt":"2022-05-04T07:33:11","slug":"portfolio","status":"publish","type":"page","link":"https:\/\/www.mimus.com.br\/en\/portfolio\/","title":{"rendered":"PORTFOLIO"},"content":{"rendered":"<p>[et_pb_section fb_built=&#8221;1&#8243; background_color_2=&#8221;#141617&#8243; admin_label=&#8221;Header&#8221; _builder_version=&#8221;4.10.7&#8243; use_background_color_gradient=&#8221;on&#8221; background_color_gradient_start=&#8221;#a92200&#8243; background_color_gradient_end=&#8221;#fd7b5b&#8221; z_index=&#8221;1&#8243; max_width=&#8221;80vw&#8221; overflow-y=&#8221;visible&#8221; custom_margin=&#8221;||50px|||&#8221; custom_padding=&#8221;|||||&#8221; global_colors_info=&#8221;{}&#8221;][et_pb_row custom_padding_last_edited=&#8221;on|desktop&#8221; _builder_version=&#8221;3.25&#8243; use_background_color_gradient=&#8221;on&#8221; background_color_gradient_start=&#8221;#fd7b5b&#8221; background_color_gradient_end=&#8221;#a92200&#8243; background_color_gradient_direction=&#8221;162deg&#8221; transform_scale_tablet=&#8221;&#8221; transform_scale_phone=&#8221;&#8221; transform_scale_last_edited=&#8221;on|desktop&#8221; transform_translate=&#8221;10vw|0px&#8221; transform_translate_tablet=&#8221;&#8221; transform_translate_phone=&#8221;5vw|0px&#8221; transform_translate_last_edited=&#8221;on|desktop&#8221; transform_translate_linked=&#8221;off&#8221; transform_rotate_tablet=&#8221;&#8221; transform_rotate_phone=&#8221;&#8221; transform_rotate_last_edited=&#8221;on|desktop&#8221; transform_skew_tablet=&#8221;&#8221; transform_skew_phone=&#8221;&#8221; transform_skew_last_edited=&#8221;on|desktop&#8221; transform_origin_tablet=&#8221;&#8221; transform_origin_phone=&#8221;&#8221; transform_origin_last_edited=&#8221;on|desktop&#8221; transform_styles_last_edited=&#8221;on|desktop&#8221; width=&#8221;80vw&#8221; width_tablet=&#8221;&#8221; width_phone=&#8221;90vw&#8221; width_last_edited=&#8221;on|desktop&#8221; custom_margin=&#8221;||-120px&#8221; custom_padding=&#8221;60px|60px|60px|60px|true|true&#8221; custom_padding_tablet=&#8221;&#8221; custom_padding_phone=&#8221;40px||40px|20px|true&#8221; transform_styles_tablet=&#8221;&#8221; transform_styles_phone=&#8221;&#8221; box_shadow_style=&#8221;preset1&#8243; box_shadow_vertical=&#8221;64px&#8221; box_shadow_blur=&#8221;64px&#8221; box_shadow_spread=&#8221;-12px&#8221; box_shadow_color=&#8221;rgba(20,22,23,0.24)&#8221; global_colors_info=&#8221;{}&#8221;][et_pb_column type=&#8221;4_4&#8243; _builder_version=&#8221;3.25&#8243; custom_padding=&#8221;|||&#8221; global_colors_info=&#8221;{}&#8221; custom_padding__hover=&#8221;|||&#8221;][et_pb_text _builder_version=&#8221;4.10.7&#8243; text_font=&#8221;Montserrat||||||||&#8221; text_letter_spacing=&#8221;3px&#8221; header_font=&#8221;Karla|700|||||||&#8221; header_font_size=&#8221;100px&#8221; header_letter_spacing=&#8221;-3px&#8221; header_line_height=&#8221;0.9em&#8221; header_2_font=&#8221;Montserrat|||on|||||&#8221; header_2_font_size=&#8221;24px&#8221; header_2_letter_spacing=&#8221;2px&#8221; header_2_line_height=&#8221;1.8em&#8221; background_layout=&#8221;dark&#8221; header_font_size_tablet=&#8221;60px&#8221; header_font_size_phone=&#8221;40px&#8221; header_font_size_last_edited=&#8221;on|phone&#8221; header_2_font_size_tablet=&#8221;14px&#8221; header_2_font_size_phone=&#8221;&#8221; header_2_font_size_last_edited=&#8221;on|tablet&#8221; locked=&#8221;off&#8221; global_colors_info=&#8221;{}&#8221;]<\/p>\n<h1>PORTFOLIO<\/h1>\n<p>[\/et_pb_text][\/et_pb_column][\/et_pb_row][\/et_pb_section][et_pb_section fb_built=&#8221;1&#8243; admin_label=&#8221;Portfolio&#8221; _builder_version=&#8221;4.10.7&#8243; locked=&#8221;off&#8221; global_colors_info=&#8221;{}&#8221; custom_margin=&#8221;||-68px|||&#8221;][et_pb_row _builder_version=&#8221;3.25&#8243; global_colors_info=&#8221;{}&#8221;][et_pb_column type=&#8221;4_4&#8243; _builder_version=&#8221;3.25&#8243; custom_padding=&#8221;|||&#8221; global_colors_info=&#8221;{}&#8221; custom_padding__hover=&#8221;|||&#8221;][et_pb_divider color=&#8221;#f56845&#8243; divider_weight=&#8221;12px&#8221; _builder_version=&#8221;4.10.7&#8243; z_index=&#8221;-1&#8243; width=&#8221;250px&#8221; module_alignment=&#8221;left&#8221; custom_margin=&#8221;-22px||&#8221; custom_margin_tablet=&#8221;&#8221; custom_margin_phone=&#8221;-18px||&#8221; custom_margin_last_edited=&#8221;on|desktop&#8221; locked=&#8221;off&#8221; global_colors_info=&#8221;{}&#8221;][\/et_pb_divider][et_pb_text _builder_version=&#8221;4.10.7&#8243; text_font=&#8221;Arial||||||||&#8221; text_letter_spacing=&#8221;2px&#8221; header_font=&#8221;||||||||&#8221; header_2_font=&#8221;Karla|700||on|||||&#8221; header_2_font_size=&#8221;46px&#8221; header_3_font=&#8221;Montserrat|||on|||||&#8221; header_3_text_color=&#8221;rgba(0,0,0,0.4)&#8221; header_3_font_size=&#8221;12px&#8221; header_3_letter_spacing=&#8221;1px&#8221; header_3_line_height=&#8221;1.8em&#8221; custom_margin=&#8221;||0px&#8221; header_2_font_size_tablet=&#8221;&#8221; header_2_font_size_phone=&#8221;30px&#8221; header_2_font_size_last_edited=&#8221;on|phone&#8221; locked=&#8221;off&#8221; global_colors_info=&#8221;{}&#8221;]<\/p>\n<h4 class=\"vcex-module vcex-heading vcex-heading-plain wpex-responsive-txt\" style=\"text-align: left;\" data-max-font-size=\"50\" data-min-font-size=\"32\"><span style=\"color: #666666; font-size: 14px;\">Check out our projects and see a bit of our history! To check out our repertoire <a href=\"https:\/\/mimus.com.br\/espetaculos\/\">click here<\/a>!<\/span><\/h4>\n<p>[\/et_pb_text][\/et_pb_column][\/et_pb_row][\/et_pb_section][et_pb_section fb_built=&#8221;1&#8243; _builder_version=&#8221;4.10.7&#8243; _module_preset=&#8221;default&#8221; global_colors_info=&#8221;{}&#8221; custom_padding=&#8221;0px|||||&#8221;][et_pb_row column_structure=&#8221;1_3,1_3,1_3&#8243; _builder_version=&#8221;4.10.7&#8243; _module_preset=&#8221;default&#8221; global_colors_info=&#8221;{}&#8221;][et_pb_column type=&#8221;1_3&#8243; _builder_version=&#8221;4.10.7&#8243; _module_preset=&#8221;default&#8221; global_colors_info=&#8221;{}&#8221;][et_pb_image src=&#8221;http:\/\/mimus.com.br\/wp-content\/uploads\/2021\/10\/mimus-mostra-2021.jpg&#8221; alt=&#8221;Mimus mostra 2021&#8243; _builder_version=&#8221;4.10.7&#8243; _module_preset=&#8221;default&#8221; global_colors_info=&#8221;{}&#8221;][\/et_pb_image][et_pb_text _builder_version=&#8221;4.10.7&#8243; _module_preset=&#8221;default&#8221; text_font=&#8221;Arial||||||||&#8221; text_line_height=&#8221;1.5em&#8221; text_orientation=&#8221;justified&#8221; global_colors_info=&#8221;{}&#8221;]<\/p>\n<h3>Mimus Mostra 2021<\/h3>\n<p>Mimus showcase 2021 Online live broadcast of Mimus&#8217;s repertoire &#8211; O Tigre, Refazendo Salom\u00e9 e Mar.<\/p>\n<p>The project included an online corporeal mime workshop and virtual chats during the COVID-19 pandemic.<\/p>\n<p>Our <a href=\"http:\/\/www.fundacaocultural.ba.gov.br\/2021\/01\/14760\/AldirBlanc-Projeto-Mimus-Mostra-tem-estreia-online-dia-20-de-janeiro-no-Teatro-Gamboa-e-fica-em-cartaz-ate-6-de-fevereiro.html\">Mimus Showcase<\/a> had the financial support from the State of Bahia through the Secretariat of Culture and the Cultural Foundation of the State of Bahia (Programa Aldir Blanc Bahia) via Aldir Blanc Law, directed by the Special Secretariat for Culture of the Ministry of Tourism, Brazilian Government.<\/p>\n<p>Teatro Gamboa Online (jan\/feb 2021).<\/p>\n<p>&nbsp;<\/p>\n<p>&nbsp;<\/p>\n<p>[\/et_pb_text][\/et_pb_column][et_pb_column type=&#8221;1_3&#8243; _builder_version=&#8221;4.10.7&#8243; _module_preset=&#8221;default&#8221; global_colors_info=&#8221;{}&#8221;][et_pb_image src=&#8221;http:\/\/mimus.com.br\/wp-content\/uploads\/2021\/10\/mimus-mostra-acessivel-2021.jpg&#8221; alt=&#8221;Mimus Mostra Acess\u00edvel 2021&#8243; title_text=&#8221;VI Mostra de M\u00edmica Contempor\u00e2nea &#8211; SP (2021)&#8221; _builder_version=&#8221;4.10.7&#8243; _module_preset=&#8221;default&#8221; global_colors_info=&#8221;{}&#8221;][\/et_pb_image][et_pb_text _builder_version=&#8221;4.10.7&#8243; _module_preset=&#8221;default&#8221; global_colors_info=&#8221;{}&#8221;]<\/p>\n<h3>Accessible Mimus Showcase<\/h3>\n<p>Performanes of Mimus&#8217;s repertoire (O Tigre, Refazendo Salom\u00e9 e Mar) with interpretation in Brazilian sign language (LIBRAS) and audio description (Apr 2021).<\/p>\n<p>The shows were interpreted by Iracema Vilaronga (audio description) and Raquel Ferreira da Silva (sign language).<\/p>\n<p><a href=\"https:\/\/www.youtube.com\/watch?v=1Gps7bN5v7A&amp;list=PL9-R2RKp-pNLjf86Ixlvil90ppMUhmgUX&amp;index=7\">See an excerpt from MAR with audio description in Portuguese&#8230;<\/a><br \/><a href=\"https:\/\/www.youtube.com\/watch?v=FIg1WPHuj9k&amp;list=PL9-R2RKp-pNLjf86Ixlvil90ppMUhmgUX&amp;index=8\">and an excerpt from O Tigre translated in Brazilian sign language!<\/a><\/p>\n<p>[\/et_pb_text][\/et_pb_column][et_pb_column type=&#8221;1_3&#8243; _builder_version=&#8221;4.10.7&#8243; _module_preset=&#8221;default&#8221; global_colors_info=&#8221;{}&#8221;][et_pb_image src=&#8221;http:\/\/mimus.com.br\/wp-content\/uploads\/2021\/10\/VI-Mostra-de-Mimica-Contemporanea.jpg&#8221; title_text=&#8221;VI Mostra de M\u00edmica Contempor\u00e2nea &#8211; SP (2021)&#8221; _builder_version=&#8221;4.10.7&#8243; _module_preset=&#8221;default&#8221; global_colors_info=&#8221;{}&#8221;][\/et_pb_image][et_pb_text _builder_version=&#8221;4.10.7&#8243; _module_preset=&#8221;default&#8221; global_colors_info=&#8221;{}&#8221;]<\/p>\n<h3>VI Mostra de M\u00edmica Contempor\u00e2nea (SP) -2021<\/h3>\n<p>VI Contemporary Mime Showcase (Sao Paulo) &#8211; 2021 Curating, panel discussions and repertoire performances<br \/><a href=\"https:\/\/www.mostra.mimicas.com\/\">Projeto M\u00edmicas (SP)<\/a><br \/>General coordinator: Victor de Seixas<\/p>\n<p>[\/et_pb_text][\/et_pb_column][\/et_pb_row][et_pb_row column_structure=&#8221;1_3,1_3,1_3&#8243; _builder_version=&#8221;4.10.7&#8243; _module_preset=&#8221;default&#8221; global_colors_info=&#8221;{}&#8221;][et_pb_column type=&#8221;1_3&#8243; _builder_version=&#8221;4.10.7&#8243; _module_preset=&#8221;default&#8221; global_colors_info=&#8221;{}&#8221;][et_pb_image src=&#8221;http:\/\/mimus.com.br\/wp-content\/uploads\/2021\/10\/oficina-Angel-Vianna.jpg&#8221; alt=&#8221;Corporeal mime workshop&#8221; title_text=&#8221;VI Mostra de M\u00edmica Contempor\u00e2nea &#8211; SP (2021)&#8221; _builder_version=&#8221;4.10.7&#8243; _module_preset=&#8221;default&#8221; global_colors_info=&#8221;{}&#8221;][\/et_pb_image][et_pb_text _builder_version=&#8221;4.10.7&#8243; _module_preset=&#8221;default&#8221; text_font=&#8221;Arial||||||||&#8221; text_line_height=&#8221;1.5em&#8221; global_colors_info=&#8221;{}&#8221;]<\/p>\n<h3>Corporeal mime workshop(2018)<\/h3>\n<p>Corporeal mime workshop: creation and improvisation<br \/>At Escola Angel Vianna (RJ) &#8211; 2018<\/p>\n<p>[\/et_pb_text][\/et_pb_column][et_pb_column type=&#8221;1_3&#8243; _builder_version=&#8221;4.10.7&#8243; _module_preset=&#8221;default&#8221; global_colors_info=&#8221;{}&#8221;][et_pb_image src=&#8221;http:\/\/mimus.com.br\/wp-content\/uploads\/2021\/10\/na-fila-2017.jpg&#8221; alt=&#8221;Na fila (2017)&#8221; title_text=&#8221;VI Mostra de M\u00edmica Contempor\u00e2nea &#8211; SP (2021)&#8221; _builder_version=&#8221;4.10.7&#8243; _module_preset=&#8221;default&#8221; global_colors_info=&#8221;{}&#8221;][\/et_pb_image][et_pb_text _builder_version=&#8221;4.10.7&#8243; _module_preset=&#8221;default&#8221; text_font=&#8221;Arial||||||||&#8221; text_line_height=&#8221;1.5em&#8221; text_orientation=&#8221;justified&#8221; global_colors_info=&#8221;{}&#8221;]<\/p>\n<h3>Queueing up(2017)<\/h3>\n<p>With Companhia de Teatro da UFBA &#8211; the Federal University of Bahia&#8217;s theatre company).<br \/>Corporeal mime training .<br \/>Directed and devised by: George Mascarenhas<br \/>Written by: Deborah Moreira<\/p>\n<p><a href=\"https:\/\/web.facebook.com\/companhiateatro\/videos\/374319126340866\/\">George Mascarenhas talks about the play Na Fila (Queueing up). Click here.<\/a><\/p>\n<p>[\/et_pb_text][\/et_pb_column][et_pb_column type=&#8221;1_3&#8243; _builder_version=&#8221;4.10.7&#8243; _module_preset=&#8221;default&#8221; global_colors_info=&#8221;{}&#8221;][et_pb_image src=&#8221;http:\/\/mimus.com.br\/wp-content\/uploads\/2021\/10\/feira-mimus-2016.jpg&#8221; alt=&#8221;Feira Mimus (2016)&#8221; title_text=&#8221;VI Mostra de M\u00edmica Contempor\u00e2nea &#8211; SP (2021)&#8221; _builder_version=&#8221;4.10.7&#8243; _module_preset=&#8221;default&#8221; global_colors_info=&#8221;{}&#8221;][\/et_pb_image][et_pb_text _builder_version=&#8221;4.10.7&#8243; _module_preset=&#8221;default&#8221; text_font=&#8221;Arial||||||||&#8221; text_line_height=&#8221;1.5em&#8221; text_orientation=&#8221;justified&#8221; global_colors_info=&#8221;{}&#8221;]<\/p>\n<h3>Feira Mimus (2017)<\/h3>\n<p>A cultural diffusion project in Bahia.<\/p>\n<p>Performances of Mimus\u2019s repertoire &#8211; Alegria de Viver, Jogo da Mem\u00f3ria, and O Tigre &#8211; and mime workshops.<\/p>\n<p>Teatro Am\u00e9lio Amorim (mar\/may 2016). Financial support: FUNCEB-Ba<\/p>\n<p><a href=\"https:\/\/www.acordacidade.com.br\/noticias\/157628\/mimus-companhia-de-teatro-movimenta-a-formacao-de-artistas-e-atrai-o-publico-para-seus-espetaculos.html?mobile=true\">Check out this newspaper clipping!<\/a><\/p>\n<p>&nbsp;<\/p>\n<p>[\/et_pb_text][\/et_pb_column][\/et_pb_row][et_pb_row column_structure=&#8221;1_3,1_3,1_3&#8243; _builder_version=&#8221;4.10.7&#8243; _module_preset=&#8221;default&#8221; global_colors_info=&#8221;{}&#8221;][et_pb_column type=&#8221;1_3&#8243; _builder_version=&#8221;4.10.7&#8243; _module_preset=&#8221;default&#8221; global_colors_info=&#8221;{}&#8221;][et_pb_image src=&#8221;http:\/\/mimus.com.br\/wp-content\/uploads\/2021\/10\/mostra-mimica-brasilia.jpg&#8221; alt=&#8221;II Mostra internacional de m\u00edmica &#8211; Brasilia DF&#8221; title_text=&#8221;VI Mostra de M\u00edmica Contempor\u00e2nea &#8211; SP (2021)&#8221; _builder_version=&#8221;4.10.7&#8243; _module_preset=&#8221;default&#8221; global_colors_info=&#8221;{}&#8221;][\/et_pb_image][et_pb_text _builder_version=&#8221;4.10.7&#8243; _module_preset=&#8221;default&#8221; text_font=&#8221;Arial||||||||&#8221; text_line_height=&#8221;1.5em&#8221; global_colors_info=&#8221;{}&#8221;]<\/p>\n<h3>II International Mime Festival of Brasilia (2016)<\/h3>\n<p>In 2016, Mimus participated in the II International Mime Festival of Brasilia.<\/p>\n<p>Mimus performed Jogo da Mem\u00f3ria at<br \/>Teatro Pl\u00ednio Marcos (Bras\u00edlia) and Teatro SESI (Taguatinga).<\/p>\n<p>The festival was coordinated by reknowned Brazilian mime Miqueas Paz.<br \/><a href=\"https:\/\/www.youtube.com\/watch?v=xrFHr4-fNEA\">Watch the interview! (in Portuguese only) <\/a><\/p>\n<p>[\/et_pb_text][\/et_pb_column][et_pb_column type=&#8221;1_3&#8243; _builder_version=&#8221;4.10.7&#8243; _module_preset=&#8221;default&#8221; global_colors_info=&#8221;{}&#8221;][et_pb_image src=&#8221;http:\/\/mimus.com.br\/wp-content\/uploads\/2021\/10\/oficina-Pierre-Verger.jpg&#8221; alt=&#8221;Corporeal Mime Workshop &#8211; Pierre Verger Foundation (2016)&#8221; title_text=&#8221;VI Mostra de M\u00edmica Contempor\u00e2nea &#8211; SP (2021)&#8221; admin_label=&#8221;Imagem&#8221; _builder_version=&#8221;4.10.7&#8243; _module_preset=&#8221;default&#8221; global_colors_info=&#8221;{}&#8221;][\/et_pb_image][et_pb_text _builder_version=&#8221;4.10.7&#8243; _module_preset=&#8221;default&#8221; text_font=&#8221;Arial||||||||&#8221; text_line_height=&#8221;1.5em&#8221; text_orientation=&#8221;justified&#8221; global_colors_info=&#8221;{}&#8221;]<\/p>\n<h3>Mimus and Funda\u00e7\u00e3o Pierre Verger (2016)<\/h3>\n<p>Funda\u00e7\u00e3o Pierre Verger educational project. Corporeal mime free workshop (apr 2016).<\/p>\n<p>[\/et_pb_text][\/et_pb_column][et_pb_column type=&#8221;1_3&#8243; _builder_version=&#8221;4.10.7&#8243; _module_preset=&#8221;default&#8221; global_colors_info=&#8221;{}&#8221;][et_pb_image src=&#8221;http:\/\/mimus.com.br\/wp-content\/uploads\/2021\/10\/oficina-mimica-corporal-TCA-2015.jpg&#8221; alt=&#8221;Teatro Castro Alves &#8211; Corporeal mime workshop&#8221; title_text=&#8221;VI Mostra de M\u00edmica Contempor\u00e2nea &#8211; SP (2021)&#8221; _builder_version=&#8221;4.10.7&#8243; _module_preset=&#8221;default&#8221; global_colors_info=&#8221;{}&#8221;][\/et_pb_image][et_pb_text _builder_version=&#8221;4.10.7&#8243; _module_preset=&#8221;default&#8221; text_font=&#8221;Arial||||||||&#8221; text_line_height=&#8221;1.5em&#8221; text_orientation=&#8221;justified&#8221; global_colors_info=&#8221;{}&#8221;]<\/p>\n<h3>Corporeal mime workshop at TCA (2016)<\/h3>\n<p>Corporeal mime workshop with George Mascarenhas and Deborah Moreira.<\/p>\n<p>The workshop gathered 20 artists and corporeal mime beginners.<\/p>\n<p>[\/et_pb_text][\/et_pb_column][\/et_pb_row][et_pb_row column_structure=&#8221;1_3,1_3,1_3&#8243; _builder_version=&#8221;4.10.7&#8243; _module_preset=&#8221;default&#8221; global_colors_info=&#8221;{}&#8221;][et_pb_column type=&#8221;1_3&#8243; _builder_version=&#8221;4.10.7&#8243; _module_preset=&#8221;default&#8221; global_colors_info=&#8221;{}&#8221;][et_pb_image src=&#8221;http:\/\/mimus.com.br\/wp-content\/uploads\/2021\/10\/mostra-mimus-2013.jpg&#8221; alt=&#8221;Mostra Mimus (2013)&#8221; title_text=&#8221;VI Mostra de M\u00edmica Contempor\u00e2nea &#8211; SP (2021)&#8221; _builder_version=&#8221;4.10.7&#8243; _module_preset=&#8221;default&#8221; global_colors_info=&#8221;{}&#8221;][\/et_pb_image][et_pb_text _builder_version=&#8221;4.10.7&#8243; _module_preset=&#8221;default&#8221; text_font=&#8221;Arial||||||||&#8221; text_line_height=&#8221;1.5em&#8221; text_orientation=&#8221;justified&#8221; global_colors_info=&#8221;{}&#8221;]<\/p>\n<h3>Mimus showcase (2013)<\/h3>\n<p>Performances of repertoire shows Alegria de Viver and Jogo da Mem\u00f3ria plus corporeal mime workshops (abr 2013).<br \/>Teatro Xisto Bahia<\/p>\n<p><a href=\"https:\/\/espacoxisto.wordpress.com\/category\/programacao-2\/teatro\/page\/7\/\">Mimus shows repetoire at Xisto! <\/a><\/p>\n<p>[\/et_pb_text][\/et_pb_column][et_pb_column type=&#8221;1_3&#8243; _builder_version=&#8221;4.10.7&#8243; _module_preset=&#8221;default&#8221; global_colors_info=&#8221;{}&#8221;][et_pb_image src=&#8221;http:\/\/mimus.com.br\/wp-content\/uploads\/2021\/10\/circulacao-interior.jpg&#8221; alt=&#8221;Alegria de Viver &#8211; Touring in Bahia (2010)&#8221; title_text=&#8221;VI Mostra de M\u00edmica Contempor\u00e2nea &#8211; SP (2021)&#8221; _builder_version=&#8221;4.10.7&#8243; _module_preset=&#8221;default&#8221; global_colors_info=&#8221;{}&#8221;][\/et_pb_image][et_pb_text _builder_version=&#8221;4.10.7&#8243; _module_preset=&#8221;default&#8221; text_font=&#8221;Arial||||||||&#8221; text_line_height=&#8221;1.5em&#8221; text_orientation=&#8221;justified&#8221; global_colors_info=&#8221;{}&#8221;]<\/p>\n<h3>Alegria de Viver &#8211; Touring in Bahia &#8211; 2011<\/h3>\n<p>Performances of Alegria de Viver and formative actions in Ilh\u00e9us, Brumado, and Jequi\u00e9 (2011).<br \/>Jurema Penna Award (Cultural Foundation of the State of Bahia)<\/p>\n<p><a href=\"http:\/\/territoriosertaoprodutivo.blogspot.com\/2011\/02\/alegria-de-viver-em-brumado.html\">Read more!<\/a><\/p>\n<p>&nbsp;<\/p>\n<p>[\/et_pb_text][\/et_pb_column][et_pb_column type=&#8221;1_3&#8243; _builder_version=&#8221;4.10.7&#8243; _module_preset=&#8221;default&#8221; global_colors_info=&#8221;{}&#8221;][et_pb_image src=&#8221;http:\/\/mimus.com.br\/wp-content\/uploads\/2021\/10\/pedro-e-o-lobo.jpg&#8221; alt=&#8221;Peter and the Wolf &#8211; BTCA\/OSBA &#8211; 2016&#8243; title_text=&#8221;VI Mostra de M\u00edmica Contempor\u00e2nea &#8211; SP (2021)&#8221; _builder_version=&#8221;4.10.7&#8243; _module_preset=&#8221;default&#8221; global_colors_info=&#8221;{}&#8221;][\/et_pb_image][et_pb_text _builder_version=&#8221;4.10.7&#8243; _module_preset=&#8221;default&#8221; text_font=&#8221;Arial||||||||&#8221; text_line_height=&#8221;1.5em&#8221; text_orientation=&#8221;justified&#8221; global_colors_info=&#8221;{}&#8221;]<\/p>\n<h3>Mimus and BTCA (2011)<\/h3>\n<p>In 2011, Mimus joined Teatro Castro Alves dance company &#8211; BTCA &#8211; for a corporeal mime workshop as preparation for the company&#8217;s production of Prokofiev&#8217;s Peter and the Wolf directed by Jorge Vermelho.<\/p>\n<p>[\/et_pb_text][\/et_pb_column][\/et_pb_row][et_pb_row column_structure=&#8221;1_3,1_3,1_3&#8243; _builder_version=&#8221;4.10.7&#8243; _module_preset=&#8221;default&#8221; global_colors_info=&#8221;{}&#8221;][et_pb_column type=&#8221;1_3&#8243; _builder_version=&#8221;4.10.7&#8243; _module_preset=&#8221;default&#8221; global_colors_info=&#8221;{}&#8221;][et_pb_image src=&#8221;http:\/\/mimus.com.br\/wp-content\/uploads\/2021\/10\/barquinhos-de-papel.jpg&#8221; alt=&#8221;Barquinhos de papel&#8221; title_text=&#8221;VI Mostra de M\u00edmica Contempor\u00e2nea &#8211; SP (2021)&#8221; _builder_version=&#8221;4.10.7&#8243; _module_preset=&#8221;default&#8221; global_colors_info=&#8221;{}&#8221;][\/et_pb_image][et_pb_text _builder_version=&#8221;4.10.7&#8243; _module_preset=&#8221;default&#8221; text_font=&#8221;Arial||||||||&#8221; text_line_height=&#8221;1.5em&#8221; text_orientation=&#8221;justified&#8221; global_colors_info=&#8221;{}&#8221;]<\/p>\n<h3>Paper boats (2010)<\/h3>\n<p>Showcase of Viva M\u00edmica, Barquinhos de papel (Paper boats) is a corporeal performance of a collection of Brazilian poems directed by George Mascarenhas and Deborah Moreira.<br \/>The performances took place at the Museum of Modern Art of Bahia having the Bay of All Saints for setting.<\/p>\n<p>[\/et_pb_text][\/et_pb_column][et_pb_column type=&#8221;1_3&#8243; _builder_version=&#8221;4.10.7&#8243; _module_preset=&#8221;default&#8221; global_colors_info=&#8221;{}&#8221;][et_pb_image src=&#8221;http:\/\/mimus.com.br\/wp-content\/uploads\/2021\/10\/viva-mimica-2010.jpg&#8221; alt=&#8221;Viva m\u00edmica 2010&#8243; title_text=&#8221;VI Mostra de M\u00edmica Contempor\u00e2nea &#8211; SP (2021)&#8221; admin_label=&#8221;Imagem&#8221; _builder_version=&#8221;4.10.7&#8243; _module_preset=&#8221;default&#8221; global_colors_info=&#8221;{}&#8221;][\/et_pb_image][et_pb_text _builder_version=&#8221;4.10.7&#8243; _module_preset=&#8221;default&#8221; text_font=&#8221;Arial||||||||&#8221; text_line_height=&#8221;1.5em&#8221; text_orientation=&#8221;justified&#8221; global_colors_info=&#8221;{}&#8221;]<\/p>\n<h3>Viva M\u00edmica 2010<\/h3>\n<p>In 2010, Mimus produced the second edition of Viva M\u00edmica with free corporeal mime workshops taught by George Mascarenhas and Deborah Moreira.<br \/>Workshop was taught by George Mascarenhas and Deborah Moreira for 30 participants.<\/p>\n<p>The project was financed by Fundo de Cultura do Estado da Bahia.<\/p>\n<p>&nbsp;<\/p>\n<p>[\/et_pb_text][\/et_pb_column][et_pb_column type=&#8221;1_3&#8243; _builder_version=&#8221;4.10.7&#8243; _module_preset=&#8221;default&#8221; global_colors_info=&#8221;{}&#8221;][et_pb_image src=&#8221;http:\/\/mimus.com.br\/wp-content\/uploads\/2021\/10\/mimus-oficinas.jpg&#8221; alt=&#8221;Viva M\u00edmica &#8211; 2009&#8243; title_text=&#8221;VI Mostra de M\u00edmica Contempor\u00e2nea &#8211; SP (2021)&#8221; _builder_version=&#8221;4.10.7&#8243; _module_preset=&#8221;default&#8221; global_colors_info=&#8221;{}&#8221;][\/et_pb_image][et_pb_text _builder_version=&#8221;4.10.7&#8243; _module_preset=&#8221;default&#8221; text_font=&#8221;Arial||||||||&#8221; text_line_height=&#8221;1.5em&#8221; text_orientation=&#8221;justified&#8221; global_colors_info=&#8221;{}&#8221;]<\/p>\n<h3>Viva M\u00edmica 2009<\/h3>\n<p>Mimus&#8217;s first edition of Viva M\u00edmica, the project offered free workshops of mime and physical theatre for 200 participants.<br \/>Viva M\u00edmica had the financial support of the Cultura Foundation of Bahia and the institutional support of Faculdade Social da Bahia.<br \/>George Mascarenhas, Deborah Moreira, Juliana Rangel, Hector Briones, Jacyan Castilho, and Jorge Alencar.<\/p>\n<p>&nbsp;<\/p>\n<p>[\/et_pb_text][\/et_pb_column][\/et_pb_row][\/et_pb_section]<\/p>\n","protected":false},"excerpt":{"rendered":"<p>PORTFOLIOCheck out our projects and see a bit of our history! To check out our repertoire click here!Mimus Mostra 2021 Mimus showcase 2021 Online live broadcast of Mimus&#8217;s repertoire &#8211; O Tigre, Refazendo Salom\u00e9 e Mar. The project included an online corporeal mime workshop and virtual chats during the COVID-19 pandemic. Our Mimus Showcase had [&hellip;]<\/p>\n","protected":false},"author":3,"featured_media":0,"parent":0,"menu_order":0,"comment_status":"closed","ping_status":"closed","template":"","meta":{"_et_pb_use_builder":"on","_et_pb_old_content":"","_et_gb_content_width":"","footnotes":""},"class_list":["post-1906","page","type-page","status-publish","hentry"],"_links":{"self":[{"href":"https:\/\/www.mimus.com.br\/en\/wp-json\/wp\/v2\/pages\/1906","targetHints":{"allow":["GET"]}}],"collection":[{"href":"https:\/\/www.mimus.com.br\/en\/wp-json\/wp\/v2\/pages"}],"about":[{"href":"https:\/\/www.mimus.com.br\/en\/wp-json\/wp\/v2\/types\/page"}],"author":[{"embeddable":true,"href":"https:\/\/www.mimus.com.br\/en\/wp-json\/wp\/v2\/users\/3"}],"replies":[{"embeddable":true,"href":"https:\/\/www.mimus.com.br\/en\/wp-json\/wp\/v2\/comments?post=1906"}],"version-history":[{"count":0,"href":"https:\/\/www.mimus.com.br\/en\/wp-json\/wp\/v2\/pages\/1906\/revisions"}],"wp:attachment":[{"href":"https:\/\/www.mimus.com.br\/en\/wp-json\/wp\/v2\/media?parent=1906"}],"curies":[{"name":"wp","href":"https:\/\/api.w.org\/{rel}","templated":true}]}}